{"id":257,"date":"2024-11-17T14:44:49","date_gmt":"2024-11-17T14:44:49","guid":{"rendered":"https:\/\/sisterhoodfeeling.de\/?page_id=257"},"modified":"2026-04-02T13:09:31","modified_gmt":"2026-04-02T13:09:31","slug":"ueber-mich","status":"publish","type":"page","link":"https:\/\/sisterhoodfeeling.de\/?page_id=257","title":{"rendered":"\u00dcber mich"},"content":{"rendered":"\n<figure class=\"wp-block-image size-full\"><img fetchpriority=\"high\" decoding=\"async\" width=\"504\" height=\"503\" src=\"https:\/\/sisterhoodfeeling.de\/wp-content\/uploads\/2025\/08\/cropped-Profilbild.jpg\" alt=\"\" class=\"wp-image-281\" srcset=\"https:\/\/sisterhoodfeeling.de\/wp-content\/uploads\/2025\/08\/cropped-Profilbild.jpg 504w, https:\/\/sisterhoodfeeling.de\/wp-content\/uploads\/2025\/08\/cropped-Profilbild-300x300.jpg 300w, https:\/\/sisterhoodfeeling.de\/wp-content\/uploads\/2025\/08\/cropped-Profilbild-150x150.jpg 150w, https:\/\/sisterhoodfeeling.de\/wp-content\/uploads\/2025\/08\/cropped-Profilbild-230x230.jpg 230w, https:\/\/sisterhoodfeeling.de\/wp-content\/uploads\/2025\/08\/cropped-Profilbild-350x349.jpg 350w, https:\/\/sisterhoodfeeling.de\/wp-content\/uploads\/2025\/08\/cropped-Profilbild-480x479.jpg 480w\" sizes=\"(max-width: 504px) 100vw, 504px\" \/><\/figure>\n\n\n\n<p>Schon immer eine andere Meinung gehabt.<\/p>\n\n\n\n<p><\/p>\n\n\n\n<p>Ich teile hier meine Gedanken und meine Lebensweise. Lass dich gerne inspirieren und komm mit ins Land deiner Tr\u00e4ume. In meiner Gegenwart kann man n\u00e4mlich gar nicht anders, als seine Tr\u00e4ume zu leben.<\/p>\n\n\n\n<p>Ich habe Dinge schon immer anders gesehen und halte mich jetzt nicht mehr zur\u00fcck, das auch zu teilen.<\/p>\n\n\n\n<p>Ich lasse mich nicht mehr aufhalten. In meinem Leben habe ich schon so viele Stationen gemeistert und eine gro\u00dfe Lebenserfahrung gesammelt. Jaa, das geht auch mit 30.<\/p>\n\n\n\n<p>Ich schreibe hier \u00fcber alle Themen, die mich interessieren. Und mehr. Ich teile mit dir meine Gedanken und meinen Weg durch&#8217;s Leben.<\/p>\n\n\n\n<p>Ich hab schon immer geschrieben. Und Dinge ver\u00f6ffentlicht. Was du liebst kommt wieder.<br>Nur diesmal ist der Unterschied, dass ich auch den Backlash halten kann \ud83d\ude00 Nicht jedem gef\u00e4llt, was ich hier schreibe, und das ist mir wohl bewusst. Doch im Gegensatz zu fr\u00fcher denke ich mir heute <em>&#8222;Who cares?&#8220;<\/em>.<\/p>\n\n\n\n<p>Du findest hier meine Gedichte, f\u00fcr dich pers\u00f6nlich gechannelte Briefe, meine Gedanken auch in Form meines Podcasts, all mein Wissen in Guides und Texten.<\/p>\n\n\n\n<p>Daneben viel Magie und Spa\u00df in den Zeilen zwischendrin und in meinen magischen Angeboten \ud83d\ude09<\/p>\n\n\n\n<p>Have Fun &amp; always Love,<\/p>\n\n\n\n<p>Kati&#x1f339;<\/p>\n\n\n\n<p><\/p>\n","protected":false},"excerpt":{"rendered":"<p>Schon immer eine andere Meinung gehabt. Ich teile hier meine Gedanken und meine Lebensweise. Lass dich gerne inspirieren und komm mit ins [&hellip;]<\/p>\n","protected":false},"author":1,"featured_media":0,"parent":0,"menu_order":0,"comment_status":"closed","ping_status":"closed","template":"","meta":{"footnotes":""},"class_list":["post-257","page","type-page","status-publish","hentry"],"aioseo_notices":[],"_links":{"self":[{"href":"https:\/\/sisterhoodfeeling.de\/index.php?rest_route=\/wp\/v2\/pages\/257","targetHints":{"allow":["GET"]}}],"collection":[{"href":"https:\/\/sisterhoodfeeling.de\/index.php?rest_route=\/wp\/v2\/pages"}],"about":[{"href":"https:\/\/sisterhoodfeeling.de\/index.php?rest_route=\/wp\/v2\/types\/page"}],"author":[{"embeddable":true,"href":"https:\/\/sisterhoodfeeling.de\/index.php?rest_route=\/wp\/v2\/users\/1"}],"replies":[{"embeddable":true,"href":"https:\/\/sisterhoodfeeling.de\/index.php?rest_route=%2Fwp%2Fv2%2Fcomments&post=257"}],"version-history":[{"count":4,"href":"https:\/\/sisterhoodfeeling.de\/index.php?rest_route=\/wp\/v2\/pages\/257\/revisions"}],"predecessor-version":[{"id":533,"href":"https:\/\/sisterhoodfeeling.de\/index.php?rest_route=\/wp\/v2\/pages\/257\/revisions\/533"}],"wp:attachment":[{"href":"https:\/\/sisterhoodfeeling.de\/index.php?rest_route=%2Fwp%2Fv2%2Fmedia&parent=257"}],"curies":[{"name":"wp","href":"https:\/\/api.w.org\/{rel}","templated":true}]}}