{"id":306,"date":"2025-08-24T11:17:52","date_gmt":"2025-08-24T11:17:52","guid":{"rendered":"https:\/\/sisterhoodfeeling.de\/?page_id=306"},"modified":"2026-04-01T16:07:33","modified_gmt":"2026-04-01T16:07:33","slug":"handgeschriebene-briefe","status":"publish","type":"page","link":"https:\/\/sisterhoodfeeling.de\/?page_id=306","title":{"rendered":"Briefe"},"content":{"rendered":"\n<p>Du m\u00f6chtest eines meiner Gedichte, pers\u00f6nlich f\u00fcr dich gechannelt, per Post bekommen?<\/p>\n\n\n\n<p>Dann bist du hier genau richtig.<\/p>\n\n\n\n<p>Nach deiner Buchung channele ich den Text, der zu dir flie\u00dfen m\u00f6chte, und lasse ihn dir per Post zukommen.<\/p>\n\n\n\n<p>Du kannst die Magie, die du dann in den H\u00e4nden h\u00e4ltst, in deinem Zuhause wirken lassen. <br>Bewahre den Brief auf, oder h\u00e4nge ihn dir zb. an die Wand. Immer wenn du einen Impuls, oder Guidance brauchst, kannst du dich an den Brief wenden. Die Zeilen werden sich dir immer neu offenbaren. <br>Je nachdem was du in dem Moment brauchst, werden dich die richtigen Worte begleiten.<\/p>\n\n\n<p><img fetchpriority=\"high\" decoding=\"async\" class=\"aligncenter\" src=\"https:\/\/sisterhoodfeeling.de\/wp-content\/uploads\/2026\/04\/IMG_4464-300x198.jpg\" sizes=\"(max-width: 300px) 100vw, 300px\" srcset=\"https:\/\/sisterhoodfeeling.de\/wp-content\/uploads\/2026\/04\/IMG_4464-300x198.jpg 300w, https:\/\/sisterhoodfeeling.de\/wp-content\/uploads\/2026\/04\/IMG_4464-1024x674.jpg 1024w, https:\/\/sisterhoodfeeling.de\/wp-content\/uploads\/2026\/04\/IMG_4464-768x506.jpg 768w, https:\/\/sisterhoodfeeling.de\/wp-content\/uploads\/2026\/04\/IMG_4464-1000x658.jpg 1000w, https:\/\/sisterhoodfeeling.de\/wp-content\/uploads\/2026\/04\/IMG_4464-230x151.jpg 230w, https:\/\/sisterhoodfeeling.de\/wp-content\/uploads\/2026\/04\/IMG_4464-350x230.jpg 350w, https:\/\/sisterhoodfeeling.de\/wp-content\/uploads\/2026\/04\/IMG_4464-480x316.jpg 480w, https:\/\/sisterhoodfeeling.de\/wp-content\/uploads\/2026\/04\/IMG_4464.jpg 1080w\" alt=\"\" width=\"300\" height=\"198\" \/><\/p>\n\n\n<div class=\"wp-block-buttons is-content-justification-center is-layout-flex wp-container-core-buttons-is-layout-a89b3969 wp-block-buttons-is-layout-flex\">\n<div class=\"wp-block-button is-style-outline is-style-outline--1\"><a class=\"wp-block-button__link has-text-color has-link-color wp-element-button\" style=\"border-width:3px;border-radius:8px;color:#9f0f0f;text-transform:uppercase\">Booking bald m\u00f6glich<\/a><\/div>\n<\/div>\n\n\n\n<p><\/p>\n","protected":false},"excerpt":{"rendered":"<p>Du m\u00f6chtest eines meiner Gedichte, pers\u00f6nlich f\u00fcr dich gechannelt, per Post bekommen? Dann bist du hier genau richtig. Nach deiner Buchung channele [&hellip;]<\/p>\n","protected":false},"author":1,"featured_media":0,"parent":0,"menu_order":0,"comment_status":"closed","ping_status":"closed","template":"","meta":{"footnotes":""},"class_list":["post-306","page","type-page","status-publish","hentry"],"aioseo_notices":[],"_links":{"self":[{"href":"https:\/\/sisterhoodfeeling.de\/index.php?rest_route=\/wp\/v2\/pages\/306","targetHints":{"allow":["GET"]}}],"collection":[{"href":"https:\/\/sisterhoodfeeling.de\/index.php?rest_route=\/wp\/v2\/pages"}],"about":[{"href":"https:\/\/sisterhoodfeeling.de\/index.php?rest_route=\/wp\/v2\/types\/page"}],"author":[{"embeddable":true,"href":"https:\/\/sisterhoodfeeling.de\/index.php?rest_route=\/wp\/v2\/users\/1"}],"replies":[{"embeddable":true,"href":"https:\/\/sisterhoodfeeling.de\/index.php?rest_route=%2Fwp%2Fv2%2Fcomments&post=306"}],"version-history":[{"count":12,"href":"https:\/\/sisterhoodfeeling.de\/index.php?rest_route=\/wp\/v2\/pages\/306\/revisions"}],"predecessor-version":[{"id":516,"href":"https:\/\/sisterhoodfeeling.de\/index.php?rest_route=\/wp\/v2\/pages\/306\/revisions\/516"}],"wp:attachment":[{"href":"https:\/\/sisterhoodfeeling.de\/index.php?rest_route=%2Fwp%2Fv2%2Fmedia&parent=306"}],"curies":[{"name":"wp","href":"https:\/\/api.w.org\/{rel}","templated":true}]}}