{"id":311,"date":"2025-08-24T13:42:29","date_gmt":"2025-08-24T13:42:29","guid":{"rendered":"https:\/\/sisterhoodfeeling.de\/?page_id=311"},"modified":"2026-04-02T13:22:07","modified_gmt":"2026-04-02T13:22:07","slug":"akasha-chronik","status":"publish","type":"page","link":"https:\/\/sisterhoodfeeling.de\/?page_id=311","title":{"rendered":"Soul Incarnation Reading"},"content":{"rendered":"\n<p>Du m\u00f6chtest wissen, warum deine Seele hier ist?<\/p>\n\n\n\n<p>Dann ist ein Soul Incarnation Reading genau das Richtige f\u00fcr dich.<\/p>\n\n\n\n<p>Wir schauen uns zb an:<\/p>\n\n\n\n<p>Welche Aufgaben du in diesem Leben hast<br>Was deine Seele erfahren m\u00f6chte<br>Was die St\u00e4rken deiner Seele sind<br>Wozu bestimmte Erfahrungen n\u00f6tig waren<br>und so vieles mehr&#x2764;&#xfe0f;<\/p>\n\n\n\n<p><br>Zus\u00e4tzlich k\u00f6nnen wir uns zb auch die Verbindungen in deinem Leben anschauen:<\/p>\n\n\n\n<p>Warum bestimmte Verbindungen in deinem Leben sind<br>Warum manche so besonders sind<br>Welche Vertr\u00e4ge du mit einigen Seelen hast<\/p>\n\n\n\n<div class=\"wp-block-buttons is-layout-flex wp-block-buttons-is-layout-flex\">\n<div class=\"wp-block-button is-style-outline is-style-outline--1\"><a class=\"wp-block-button__link has-text-color has-link-color wp-element-button\" style=\"border-width:3px;border-radius:8px;color:#9f0f0f;text-transform:uppercase\">Booking bald m\u00f6glich<\/a><\/div>\n<\/div>\n\n\n\n<p>Bei Interesse, oder Fragen, melde dich gerne bei mir per Mail: hallo@sisterhoodfeeling.de<\/p>\n\n\n\n<p>Ich freu mich auf dich.<\/p>\n\n\n\n<p>Love,<br>Kati&#x1f339;<br><\/p>\n","protected":false},"excerpt":{"rendered":"<p>Du m\u00f6chtest wissen, warum deine Seele hier ist? Dann ist ein Soul Incarnation Reading genau das Richtige f\u00fcr dich. Wir schauen uns [&hellip;]<\/p>\n","protected":false},"author":1,"featured_media":0,"parent":0,"menu_order":0,"comment_status":"closed","ping_status":"closed","template":"","meta":{"footnotes":""},"class_list":["post-311","page","type-page","status-publish","hentry"],"aioseo_notices":[],"_links":{"self":[{"href":"https:\/\/sisterhoodfeeling.de\/index.php?rest_route=\/wp\/v2\/pages\/311","targetHints":{"allow":["GET"]}}],"collection":[{"href":"https:\/\/sisterhoodfeeling.de\/index.php?rest_route=\/wp\/v2\/pages"}],"about":[{"href":"https:\/\/sisterhoodfeeling.de\/index.php?rest_route=\/wp\/v2\/types\/page"}],"author":[{"embeddable":true,"href":"https:\/\/sisterhoodfeeling.de\/index.php?rest_route=\/wp\/v2\/users\/1"}],"replies":[{"embeddable":true,"href":"https:\/\/sisterhoodfeeling.de\/index.php?rest_route=%2Fwp%2Fv2%2Fcomments&post=311"}],"version-history":[{"count":3,"href":"https:\/\/sisterhoodfeeling.de\/index.php?rest_route=\/wp\/v2\/pages\/311\/revisions"}],"predecessor-version":[{"id":539,"href":"https:\/\/sisterhoodfeeling.de\/index.php?rest_route=\/wp\/v2\/pages\/311\/revisions\/539"}],"wp:attachment":[{"href":"https:\/\/sisterhoodfeeling.de\/index.php?rest_route=%2Fwp%2Fv2%2Fmedia&parent=311"}],"curies":[{"name":"wp","href":"https:\/\/api.w.org\/{rel}","templated":true}]}}